{"id":990,"date":"2023-07-07T17:19:00","date_gmt":"2023-07-07T22:19:00","guid":{"rendered":"https:\/\/neltu.com\/floristeria2\/?post_type=product&#038;p=990"},"modified":"2024-03-13T16:20:37","modified_gmt":"2024-03-13T21:20:37","slug":"munecos-395","status":"publish","type":"product","link":"https:\/\/floristerialajardinera.com\/es\/producto\/munecos-395\/","title":{"rendered":"Mu\u00f1ecos-395"},"content":{"rendered":"","protected":false},"excerpt":{"rendered":"<p>S\u00f3lo Incluye mu\u00f1eco, lo dem\u00e1s expuesto es con fines decorativos. Puede haber una variaci\u00f3n.<\/p>\n","protected":false},"featured_media":3784,"comment_status":"closed","ping_status":"closed","template":"","meta":[],"product_brand":[],"product_cat":[50,61],"product_tag":[],"class_list":{"0":"post-990","1":"product","2":"type-product","3":"status-publish","4":"has-post-thumbnail","6":"product_cat-adicionales","7":"product_cat-munecos","9":"first","10":"instock","11":"shipping-taxable","12":"purchasable","13":"product-type-simple"},"_links":{"self":[{"href":"https:\/\/floristerialajardinera.com\/es\/wp-json\/wp\/v2\/product\/990","targetHints":{"allow":["GET"]}}],"collection":[{"href":"https:\/\/floristerialajardinera.com\/es\/wp-json\/wp\/v2\/product"}],"about":[{"href":"https:\/\/floristerialajardinera.com\/es\/wp-json\/wp\/v2\/types\/product"}],"replies":[{"embeddable":true,"href":"https:\/\/floristerialajardinera.com\/es\/wp-json\/wp\/v2\/comments?post=990"}],"wp:featuredmedia":[{"embeddable":true,"href":"https:\/\/floristerialajardinera.com\/es\/wp-json\/wp\/v2\/media\/3784"}],"wp:attachment":[{"href":"https:\/\/floristerialajardinera.com\/es\/wp-json\/wp\/v2\/media?parent=990"}],"wp:term":[{"taxonomy":"product_brand","embeddable":true,"href":"https:\/\/floristerialajardinera.com\/es\/wp-json\/wp\/v2\/product_brand?post=990"},{"taxonomy":"product_cat","embeddable":true,"href":"https:\/\/floristerialajardinera.com\/es\/wp-json\/wp\/v2\/product_cat?post=990"},{"taxonomy":"product_tag","embeddable":true,"href":"https:\/\/floristerialajardinera.com\/es\/wp-json\/wp\/v2\/product_tag?post=990"}],"curies":[{"name":"wp","href":"https:\/\/api.w.org\/{rel}","templated":true}]}}