{"id":638,"date":"2023-07-07T17:16:46","date_gmt":"2023-07-07T22:16:46","guid":{"rendered":"https:\/\/neltu.com\/floristeria2\/?post_type=product&#038;p=638"},"modified":"2026-04-14T15:34:26","modified_gmt":"2026-04-14T20:34:26","slug":"chocolate-ferrero-corazon-198","status":"publish","type":"product","link":"https:\/\/floristerialajardinera.com\/es\/producto\/chocolate-ferrero-corazon-198\/","title":{"rendered":"Chocolate Ferrero Coraz\u00f3n-198"},"content":{"rendered":"","protected":false},"excerpt":{"rendered":"<p><strong>S\u00f3lo incluye chocolates, lo dem\u00e1s expuesto es con fines decorativos.<\/strong><\/p>\n","protected":false},"featured_media":3013,"comment_status":"open","ping_status":"closed","template":"","meta":[],"product_brand":[],"product_cat":[50,51],"product_tag":[34,40,35],"class_list":{"0":"post-638","1":"product","2":"type-product","3":"status-publish","4":"has-post-thumbnail","6":"product_cat-adicionales","7":"product_cat-chocolates","8":"product_tag-floristerias-en-cali","9":"product_tag-floristerias-en-cali-colombia","10":"product_tag-floristerias-en-cali-norte","12":"first","13":"instock","14":"shipping-taxable","15":"purchasable","16":"product-type-simple"},"_links":{"self":[{"href":"https:\/\/floristerialajardinera.com\/es\/wp-json\/wp\/v2\/product\/638","targetHints":{"allow":["GET"]}}],"collection":[{"href":"https:\/\/floristerialajardinera.com\/es\/wp-json\/wp\/v2\/product"}],"about":[{"href":"https:\/\/floristerialajardinera.com\/es\/wp-json\/wp\/v2\/types\/product"}],"replies":[{"embeddable":true,"href":"https:\/\/floristerialajardinera.com\/es\/wp-json\/wp\/v2\/comments?post=638"}],"wp:featuredmedia":[{"embeddable":true,"href":"https:\/\/floristerialajardinera.com\/es\/wp-json\/wp\/v2\/media\/3013"}],"wp:attachment":[{"href":"https:\/\/floristerialajardinera.com\/es\/wp-json\/wp\/v2\/media?parent=638"}],"wp:term":[{"taxonomy":"product_brand","embeddable":true,"href":"https:\/\/floristerialajardinera.com\/es\/wp-json\/wp\/v2\/product_brand?post=638"},{"taxonomy":"product_cat","embeddable":true,"href":"https:\/\/floristerialajardinera.com\/es\/wp-json\/wp\/v2\/product_cat?post=638"},{"taxonomy":"product_tag","embeddable":true,"href":"https:\/\/floristerialajardinera.com\/es\/wp-json\/wp\/v2\/product_tag?post=638"}],"curies":[{"name":"wp","href":"https:\/\/api.w.org\/{rel}","templated":true}]}}