{"id":595,"date":"2023-07-07T17:16:26","date_gmt":"2023-07-07T22:16:26","guid":{"rendered":"https:\/\/neltu.com\/floristeria2\/?post_type=product&#038;p=595"},"modified":"2025-05-08T15:58:54","modified_gmt":"2025-05-08T20:58:54","slug":"codorniu-clasico-181","status":"publish","type":"product","link":"https:\/\/floristerialajardinera.com\/es\/producto\/codorniu-clasico-181\/","title":{"rendered":"Codorniu Cl\u00e1sico-181"},"content":{"rendered":"","protected":false},"excerpt":{"rendered":"<p><strong>750ML, S\u00f3lo incluye Licor, lo dem\u00e1s expuesto es con fines decorativos.<\/strong><\/p>\n","protected":false},"featured_media":3119,"comment_status":"open","ping_status":"closed","template":"","meta":[],"product_brand":[],"product_cat":[50,60,52],"product_tag":[],"class_list":{"0":"post-595","1":"product","2":"type-product","3":"status-publish","4":"has-post-thumbnail","6":"product_cat-adicionales","7":"product_cat-dia-de-la-madre","8":"product_cat-licores","10":"first","11":"instock","12":"shipping-taxable","13":"purchasable","14":"product-type-simple"},"_links":{"self":[{"href":"https:\/\/floristerialajardinera.com\/es\/wp-json\/wp\/v2\/product\/595","targetHints":{"allow":["GET"]}}],"collection":[{"href":"https:\/\/floristerialajardinera.com\/es\/wp-json\/wp\/v2\/product"}],"about":[{"href":"https:\/\/floristerialajardinera.com\/es\/wp-json\/wp\/v2\/types\/product"}],"replies":[{"embeddable":true,"href":"https:\/\/floristerialajardinera.com\/es\/wp-json\/wp\/v2\/comments?post=595"}],"wp:featuredmedia":[{"embeddable":true,"href":"https:\/\/floristerialajardinera.com\/es\/wp-json\/wp\/v2\/media\/3119"}],"wp:attachment":[{"href":"https:\/\/floristerialajardinera.com\/es\/wp-json\/wp\/v2\/media?parent=595"}],"wp:term":[{"taxonomy":"product_brand","embeddable":true,"href":"https:\/\/floristerialajardinera.com\/es\/wp-json\/wp\/v2\/product_brand?post=595"},{"taxonomy":"product_cat","embeddable":true,"href":"https:\/\/floristerialajardinera.com\/es\/wp-json\/wp\/v2\/product_cat?post=595"},{"taxonomy":"product_tag","embeddable":true,"href":"https:\/\/floristerialajardinera.com\/es\/wp-json\/wp\/v2\/product_tag?post=595"}],"curies":[{"name":"wp","href":"https:\/\/api.w.org\/{rel}","templated":true}]}}