{"id":1037,"date":"2023-07-07T17:19:22","date_gmt":"2023-07-07T22:19:22","guid":{"rendered":"https:\/\/neltu.com\/floristeria2\/?post_type=product&#038;p=1037"},"modified":"2025-04-24T17:50:21","modified_gmt":"2025-04-24T22:50:21","slug":"munecos-418","status":"publish","type":"product","link":"https:\/\/floristerialajardinera.com\/es\/producto\/munecos-418\/","title":{"rendered":"Mu\u00f1ecos 40CM-418"},"content":{"rendered":"<p>Grande 40 cm solo incluye mu\u00f1eco<\/p>\n","protected":false},"excerpt":{"rendered":"<p><strong>Hello Kitty Grande. S\u00f3lo Incluye mu\u00f1eco, lo dem\u00e1s expuesto es con fines decorativos.<\/strong><\/p>\n","protected":false},"featured_media":3776,"comment_status":"closed","ping_status":"closed","template":"","meta":[],"product_brand":[],"product_cat":[50,61],"product_tag":[],"class_list":{"0":"post-1037","1":"product","2":"type-product","3":"status-publish","4":"has-post-thumbnail","6":"product_cat-adicionales","7":"product_cat-munecos","9":"first","10":"instock","11":"shipping-taxable","12":"purchasable","13":"product-type-simple"},"_links":{"self":[{"href":"https:\/\/floristerialajardinera.com\/es\/wp-json\/wp\/v2\/product\/1037","targetHints":{"allow":["GET"]}}],"collection":[{"href":"https:\/\/floristerialajardinera.com\/es\/wp-json\/wp\/v2\/product"}],"about":[{"href":"https:\/\/floristerialajardinera.com\/es\/wp-json\/wp\/v2\/types\/product"}],"replies":[{"embeddable":true,"href":"https:\/\/floristerialajardinera.com\/es\/wp-json\/wp\/v2\/comments?post=1037"}],"wp:featuredmedia":[{"embeddable":true,"href":"https:\/\/floristerialajardinera.com\/es\/wp-json\/wp\/v2\/media\/3776"}],"wp:attachment":[{"href":"https:\/\/floristerialajardinera.com\/es\/wp-json\/wp\/v2\/media?parent=1037"}],"wp:term":[{"taxonomy":"product_brand","embeddable":true,"href":"https:\/\/floristerialajardinera.com\/es\/wp-json\/wp\/v2\/product_brand?post=1037"},{"taxonomy":"product_cat","embeddable":true,"href":"https:\/\/floristerialajardinera.com\/es\/wp-json\/wp\/v2\/product_cat?post=1037"},{"taxonomy":"product_tag","embeddable":true,"href":"https:\/\/floristerialajardinera.com\/es\/wp-json\/wp\/v2\/product_tag?post=1037"}],"curies":[{"name":"wp","href":"https:\/\/api.w.org\/{rel}","templated":true}]}}