{"id":1022,"date":"2023-07-07T17:19:21","date_gmt":"2023-07-07T22:19:21","guid":{"rendered":"https:\/\/neltu.com\/floristeria2\/?post_type=product&#038;p=1022"},"modified":"2025-12-15T16:55:04","modified_gmt":"2025-12-15T21:55:04","slug":"globos-metalizados-403","status":"publish","type":"product","link":"https:\/\/floristerialajardinera.com\/es\/producto\/globos-metalizados-403\/","title":{"rendered":"Globos Metalizados &#8211; 403"},"content":{"rendered":"","protected":false},"excerpt":{"rendered":"<p>Globo cumplea\u00f1os Importado, lo dem\u00e1s expuesto es con fines decorativos. El dise\u00f1o de los globos puede variar.<\/p>\n","protected":false},"featured_media":3286,"comment_status":"closed","ping_status":"closed","template":"","meta":[],"product_brand":[],"product_cat":[50,53,62],"product_tag":[],"class_list":{"0":"post-1022","1":"product","2":"type-product","3":"status-publish","4":"has-post-thumbnail","6":"product_cat-adicionales","7":"product_cat-globos","8":"product_cat-globos-metalizados","10":"first","11":"instock","12":"shipping-taxable","13":"purchasable","14":"product-type-simple"},"_links":{"self":[{"href":"https:\/\/floristerialajardinera.com\/es\/wp-json\/wp\/v2\/product\/1022","targetHints":{"allow":["GET"]}}],"collection":[{"href":"https:\/\/floristerialajardinera.com\/es\/wp-json\/wp\/v2\/product"}],"about":[{"href":"https:\/\/floristerialajardinera.com\/es\/wp-json\/wp\/v2\/types\/product"}],"replies":[{"embeddable":true,"href":"https:\/\/floristerialajardinera.com\/es\/wp-json\/wp\/v2\/comments?post=1022"}],"wp:featuredmedia":[{"embeddable":true,"href":"https:\/\/floristerialajardinera.com\/es\/wp-json\/wp\/v2\/media\/3286"}],"wp:attachment":[{"href":"https:\/\/floristerialajardinera.com\/es\/wp-json\/wp\/v2\/media?parent=1022"}],"wp:term":[{"taxonomy":"product_brand","embeddable":true,"href":"https:\/\/floristerialajardinera.com\/es\/wp-json\/wp\/v2\/product_brand?post=1022"},{"taxonomy":"product_cat","embeddable":true,"href":"https:\/\/floristerialajardinera.com\/es\/wp-json\/wp\/v2\/product_cat?post=1022"},{"taxonomy":"product_tag","embeddable":true,"href":"https:\/\/floristerialajardinera.com\/es\/wp-json\/wp\/v2\/product_tag?post=1022"}],"curies":[{"name":"wp","href":"https:\/\/api.w.org\/{rel}","templated":true}]}}