{"id":1183,"date":"2023-07-07T17:20:23","date_gmt":"2023-07-07T22:20:23","guid":{"rendered":"https:\/\/neltu.com\/floristeria2\/?post_type=product&#038;p=1183"},"modified":"2026-02-12T16:59:56","modified_gmt":"2026-02-12T21:59:56","slug":"amor-492","status":"publish","type":"product","link":"https:\/\/floristerialajardinera.com\/en\/product\/amor-492\/","title":{"rendered":"love-492"},"content":{"rendered":"","protected":false},"excerpt":{"rendered":"<p>Canasta de rosas, lirios, follaje, mu\u00f1eco, chocolates y mo\u00f1o. <strong>El mu\u00f1eco y los chocolates pueden variar seg\u00fan inventario.<\/strong><\/p>","protected":false},"featured_media":1212,"comment_status":"closed","ping_status":"closed","template":"","meta":[],"product_brand":[],"product_cat":[33],"product_tag":[],"class_list":{"0":"post-1183","1":"product","2":"type-product","3":"status-publish","4":"has-post-thumbnail","6":"product_cat-amor","8":"first","9":"instock","10":"shipping-taxable","11":"purchasable","12":"product-type-simple"},"_links":{"self":[{"href":"https:\/\/floristerialajardinera.com\/en\/wp-json\/wp\/v2\/product\/1183","targetHints":{"allow":["GET"]}}],"collection":[{"href":"https:\/\/floristerialajardinera.com\/en\/wp-json\/wp\/v2\/product"}],"about":[{"href":"https:\/\/floristerialajardinera.com\/en\/wp-json\/wp\/v2\/types\/product"}],"replies":[{"embeddable":true,"href":"https:\/\/floristerialajardinera.com\/en\/wp-json\/wp\/v2\/comments?post=1183"}],"wp:featuredmedia":[{"embeddable":true,"href":"https:\/\/floristerialajardinera.com\/en\/wp-json\/wp\/v2\/media\/1212"}],"wp:attachment":[{"href":"https:\/\/floristerialajardinera.com\/en\/wp-json\/wp\/v2\/media?parent=1183"}],"wp:term":[{"taxonomy":"product_brand","embeddable":true,"href":"https:\/\/floristerialajardinera.com\/en\/wp-json\/wp\/v2\/product_brand?post=1183"},{"taxonomy":"product_cat","embeddable":true,"href":"https:\/\/floristerialajardinera.com\/en\/wp-json\/wp\/v2\/product_cat?post=1183"},{"taxonomy":"product_tag","embeddable":true,"href":"https:\/\/floristerialajardinera.com\/en\/wp-json\/wp\/v2\/product_tag?post=1183"}],"curies":[{"name":"wp","href":"https:\/\/api.w.org\/{rel}","templated":true}]}}