{"id":1029,"date":"2023-07-07T17:19:22","date_gmt":"2023-07-07T22:19:22","guid":{"rendered":"https:\/\/neltu.com\/floristeria2\/?post_type=product&#038;p=1029"},"modified":"2026-02-15T09:39:51","modified_gmt":"2026-02-15T14:39:51","slug":"munecos-410","status":"publish","type":"product","link":"https:\/\/floristerialajardinera.com\/en\/product\/munecos-410\/","title":{"rendered":"Mu\u00f1ecos 20CM-410"},"content":{"rendered":"<p><strong>Hello Kitty 20 cm. S\u00f3lo Incluye mu\u00f1eco, lo dem\u00e1s expuesto es con fines decorativos.<\/strong><\/p>","protected":false},"excerpt":{"rendered":"<p><strong>Hello Kitty Mediano. S\u00f3lo Incluye mu\u00f1eco, lo dem\u00e1s expuesto es con fines decorativos.<\/strong><\/p>","protected":false},"featured_media":3777,"comment_status":"closed","ping_status":"closed","template":"","meta":[],"product_brand":[],"product_cat":[50,61],"product_tag":[],"class_list":{"0":"post-1029","1":"product","2":"type-product","3":"status-publish","4":"has-post-thumbnail","6":"product_cat-adicionales","7":"product_cat-munecos","9":"first","10":"instock","11":"shipping-taxable","12":"purchasable","13":"product-type-simple"},"_links":{"self":[{"href":"https:\/\/floristerialajardinera.com\/en\/wp-json\/wp\/v2\/product\/1029","targetHints":{"allow":["GET"]}}],"collection":[{"href":"https:\/\/floristerialajardinera.com\/en\/wp-json\/wp\/v2\/product"}],"about":[{"href":"https:\/\/floristerialajardinera.com\/en\/wp-json\/wp\/v2\/types\/product"}],"replies":[{"embeddable":true,"href":"https:\/\/floristerialajardinera.com\/en\/wp-json\/wp\/v2\/comments?post=1029"}],"wp:featuredmedia":[{"embeddable":true,"href":"https:\/\/floristerialajardinera.com\/en\/wp-json\/wp\/v2\/media\/3777"}],"wp:attachment":[{"href":"https:\/\/floristerialajardinera.com\/en\/wp-json\/wp\/v2\/media?parent=1029"}],"wp:term":[{"taxonomy":"product_brand","embeddable":true,"href":"https:\/\/floristerialajardinera.com\/en\/wp-json\/wp\/v2\/product_brand?post=1029"},{"taxonomy":"product_cat","embeddable":true,"href":"https:\/\/floristerialajardinera.com\/en\/wp-json\/wp\/v2\/product_cat?post=1029"},{"taxonomy":"product_tag","embeddable":true,"href":"https:\/\/floristerialajardinera.com\/en\/wp-json\/wp\/v2\/product_tag?post=1029"}],"curies":[{"name":"wp","href":"https:\/\/api.w.org\/{rel}","templated":true}]}}