{"id":51,"date":"2023-07-07T15:15:44","date_gmt":"2023-07-07T20:15:44","guid":{"rendered":"https:\/\/neltu.com\/floristeria2\/index.php\/cart\/"},"modified":"2025-07-22T10:42:17","modified_gmt":"2025-07-22T15:42:17","slug":"cart","status":"publish","type":"page","link":"https:\/\/floristerialajardinera.com\/en\/cart\/","title":{"rendered":"Cart"},"content":{"rendered":"<div data-elementor-type=\"wp-page\" data-elementor-id=\"51\" class=\"elementor elementor-51\" data-elementor-post-type=\"page\">\n\t\t\t\t\t\t<section class=\"elementor-section elementor-top-section elementor-element elementor-element-4332717c elementor-reverse-tablet elementor-reverse-mobile elementor-section-boxed elementor-section-height-default elementor-section-height-default\" data-id=\"4332717c\" data-element_type=\"section\" data-e-type=\"section\">\n\t\t\t\t\t\t<div class=\"elementor-container elementor-column-gap-no\">\n\t\t\t\t\t<div class=\"elementor-column elementor-col-100 elementor-top-column elementor-element elementor-element-4928a0ce\" data-id=\"4928a0ce\" data-element_type=\"column\" data-e-type=\"column\">\n\t\t\t<div class=\"elementor-widget-wrap elementor-element-populated\">\n\t\t\t\t\t\t\t<\/div>\n\t\t<\/div>\n\t\t\t\t\t<\/div>\n\t\t<\/section>\n\t\t<div class=\"elementor-element elementor-element-bcc4e69 e-flex e-con-boxed e-con e-parent\" data-id=\"bcc4e69\" data-element_type=\"container\" data-e-type=\"container\" data-settings=\"{&quot;background_background&quot;:&quot;classic&quot;}\">\n\t\t\t\t\t<div class=\"e-con-inner\">\n\t\t<div class=\"elementor-element elementor-element-838c6f0 e-con-full e-flex e-con e-child\" data-id=\"838c6f0\" data-element_type=\"container\" data-e-type=\"container\" data-settings=\"{&quot;background_background&quot;:&quot;classic&quot;}\">\n\t\t\t\t<div class=\"elementor-element elementor-element-6dd5e46 elementor-widget elementor-widget-image\" data-id=\"6dd5e46\" data-element_type=\"widget\" data-e-type=\"widget\" data-widget_type=\"image.default\">\n\t\t\t\t<div class=\"elementor-widget-container\">\n\t\t\t\t\t\t\t\t\t\t\t\t\t\t\t<img fetchpriority=\"high\" decoding=\"async\" width=\"1024\" height=\"495\" src=\"https:\/\/floristerialajardinera.com\/wp-content\/uploads\/2023\/07\/carros-jardinera-e1679949702126-1024x495.jpg\" class=\"attachment-large size-large wp-image-1831\" alt=\"\" srcset=\"https:\/\/floristerialajardinera.com\/wp-content\/uploads\/2023\/07\/carros-jardinera-e1679949702126-1024x495.jpg 1024w, https:\/\/floristerialajardinera.com\/wp-content\/uploads\/2023\/07\/carros-jardinera-e1679949702126-450x217.jpg 450w, https:\/\/floristerialajardinera.com\/wp-content\/uploads\/2023\/07\/carros-jardinera-e1679949702126-600x290.jpg 600w, https:\/\/floristerialajardinera.com\/wp-content\/uploads\/2023\/07\/carros-jardinera-e1679949702126-300x145.jpg 300w, https:\/\/floristerialajardinera.com\/wp-content\/uploads\/2023\/07\/carros-jardinera-e1679949702126-768x371.jpg 768w, https:\/\/floristerialajardinera.com\/wp-content\/uploads\/2023\/07\/carros-jardinera-e1679949702126.jpg 1107w\" sizes=\"(max-width: 1024px) 100vw, 1024px\" \/>\t\t\t\t\t\t\t\t\t\t\t\t\t\t\t<\/div>\n\t\t\t\t<\/div>\n\t\t\t\t<\/div>\n\t\t<div class=\"elementor-element elementor-element-6fd818a e-con-full e-flex e-con e-child\" data-id=\"6fd818a\" data-element_type=\"container\" data-e-type=\"container\" data-settings=\"{&quot;background_background&quot;:&quot;classic&quot;}\">\n\t\t\t\t<div class=\"elementor-element elementor-element-6617ea0 elementor-widget elementor-widget-text-editor\" data-id=\"6617ea0\" data-element_type=\"widget\" data-e-type=\"widget\" data-widget_type=\"text-editor.default\">\n\t\t\t\t<div class=\"elementor-widget-container\">\n\t\t\t\t\t\t\t\t\t<p>\ud83d\ude9a Atenci\u00f3n\ud83d\udc90: Por tu seguridad y la nuestra, queremos informarte que los pedidos ser\u00e1n entregados \u00fanicamente en la porter\u00eda del edificio o conjunto residencial. No se realizar\u00e1n entregas en apartamentos. Agradecemos tu comprensi\u00f3n.<\/p>\t\t\t\t\t\t\t\t<\/div>\n\t\t\t\t<\/div>\n\t\t\t\t<\/div>\n\t\t\t\t\t<\/div>\n\t\t\t\t<\/div>\n\t\t<div class=\"elementor-element elementor-element-209705f e-flex e-con-boxed e-con e-parent\" data-id=\"209705f\" data-element_type=\"container\" data-e-type=\"container\" data-settings=\"{&quot;background_background&quot;:&quot;classic&quot;}\">\n\t\t\t\t\t<div class=\"e-con-inner\">\n\t\t\t\t<div class=\"elementor-element elementor-element-5beaf6d elementor-widget elementor-widget-text-editor\" data-id=\"5beaf6d\" data-element_type=\"widget\" data-e-type=\"widget\" data-widget_type=\"text-editor.default\">\n\t\t\t\t<div class=\"elementor-widget-container\">\n\t\t\t\t\t\t\t\t\t<h5 data-start=\"439\" data-end=\"490\">\ud83c\udf38 Nota importante sobre el cuidado de tu ramo:<\/h5><p data-start=\"491\" data-end=\"816\">Para garantizar la frescura y duraci\u00f3n de tus flores, por favor ub\u00edcalas en un lugar <strong data-start=\"576\" data-end=\"625\">fresco, con buena ventilaci\u00f3n y luz indirecta<\/strong>. Recomendamos cambiar el agua cada dos d\u00edas y cortar ligeramente los tallos al hacerlo.<br data-start=\"713\" data-end=\"716\" \/>\ud83d\udca7 Evita exponerlas al sol directo, corrientes de aire caliente o espacios cerrados sin circulaci\u00f3n.<\/p><p data-start=\"818\" data-end=\"903\"><em data-start=\"818\" data-end=\"903\">El mal cuidado puede reducir la vida \u00fatil del ramo y no est\u00e1 cubierto por garant\u00eda.<\/em><\/p>\t\t\t\t\t\t\t\t<\/div>\n\t\t\t\t<\/div>\n\t\t\t\t\t<\/div>\n\t\t\t\t<\/div>\n\t\t<div class=\"elementor-element elementor-element-ab36449 e-flex e-con-boxed e-con e-parent\" data-id=\"ab36449\" data-element_type=\"container\" data-e-type=\"container\" data-settings=\"{&quot;background_background&quot;:&quot;classic&quot;}\">\n\t\t\t\t\t<div class=\"e-con-inner\">\n\t\t<div class=\"elementor-element elementor-element-52e91a7e e-con-full e-flex e-con e-child\" data-id=\"52e91a7e\" data-element_type=\"container\" data-e-type=\"container\">\n\t\t\t\t<div class=\"elementor-element elementor-element-5e178f0f elementor-position-top elementor-widget elementor-widget-image-box\" data-id=\"5e178f0f\" data-element_type=\"widget\" data-e-type=\"widget\" data-widget_type=\"image-box.default\">\n\t\t\t\t<div class=\"elementor-widget-container\">\n\t\t\t\t\t<div class=\"elementor-image-box-wrapper\"><figure class=\"elementor-image-box-img\"><img decoding=\"async\" width=\"289\" height=\"100\" src=\"https:\/\/floristerialajardinera.com\/wp-content\/uploads\/2023\/07\/floristeria_la_jardinera_logo.png\" class=\"attachment-full size-full wp-image-247\" alt=\"\" \/><\/figure><div class=\"elementor-image-box-content\"><p class=\"elementor-image-box-description\">Flowers for any occasion.<\/p><\/div><\/div>\t\t\t\t<\/div>\n\t\t\t\t<\/div>\n\t\t\t\t<div class=\"elementor-element elementor-element-5100f270 e-grid-align-left e-grid-align-tablet-left e-grid-align-mobile-center elementor-shape-rounded elementor-grid-0 elementor-widget elementor-widget-social-icons\" data-id=\"5100f270\" data-element_type=\"widget\" data-e-type=\"widget\" data-widget_type=\"social-icons.default\">\n\t\t\t\t<div class=\"elementor-widget-container\">\n\t\t\t\t\t\t\t<div class=\"elementor-social-icons-wrapper elementor-grid\" role=\"list\">\n\t\t\t\t\t\t\t<span class=\"elementor-grid-item\" role=\"listitem\">\n\t\t\t\t\t<a class=\"elementor-icon elementor-social-icon elementor-social-icon-facebook-f elementor-repeater-item-3f1b7ac\" target=\"_blank\">\n\t\t\t\t\t\t<span class=\"elementor-screen-only\">facebook-f<\/span>\n\t\t\t\t\t\t<i aria-hidden=\"true\" class=\"fab fa-facebook-f\"><\/i>\t\t\t\t\t<\/a>\n\t\t\t\t<\/span>\n\t\t\t\t\t\t\t<span class=\"elementor-grid-item\" role=\"listitem\">\n\t\t\t\t\t<a class=\"elementor-icon elementor-social-icon elementor-social-icon- elementor-repeater-item-5c0ce3c\" target=\"_blank\">\n\t\t\t\t\t\t<span class=\"elementor-screen-only\"><\/span>\n\t\t\t\t\t\t<svg xmlns=\"http:\/\/www.w3.org\/2000\/svg\" id=\"aaf4d88f-6908-42b9-b3d6-5d6a3ec06a43\" data-name=\"Layer 1\" width=\"27\" height=\"26\" viewbox=\"0 0 27 26\"><path d=\"M26.9922,13.12c0-1.952.0071-3.904-.0054-5.856a7.4912,7.4912,0,0,0-.12-1.3338,6.9762,6.9762,0,0,0-2.4989-4.1911,7.3149,7.3149,0,0,0-4.73-1.7279c-4.031-.02-8.0623-.0061-12.0935-.0071a7.347,7.347,0,0,0-3.6653.907,6.9367,6.9367,0,0,0-3.85,6.2265C-.025,11.0332.0121,14.93.0169,18.8272a6.5069,6.5069,0,0,0,.8908,3.3475A7.2785,7.2785,0,0,0,7.419,25.9708c4.0565.0558,8.1145.0148,12.1719.0131a7.6378,7.6378,0,0,0,4.9015-1.8408,6.9218,6.9218,0,0,0,2.4928-5.276C27.0143,16.9517,26.9915,15.0354,26.9922,13.12ZM13.4174,20.21a7.3625,7.3625,0,0,1-7.4061-7.2182,7.3505,7.3505,0,0,1,7.4992-7.2115,7.3516,7.3516,0,0,1,7.4852,7.2146A7.37,7.37,0,0,1,13.4174,20.21ZM22.4962,5.7791a1.48,1.48,0,0,1-1.5005-1.4476,1.5014,1.5014,0,0,1,3-.0009A1.481,1.481,0,0,1,22.4962,5.7791Z\" transform=\"translate(0 0)\" style=\"fill-rule:evenodd\"><\/path><path d=\"M13.4969,8.3571a4.7331,4.7331,0,0,0-4.8183,4.6445,4.74,4.74,0,0,0,4.8241,4.6413,4.74,4.74,0,0,0,4.8187-4.6466A4.7342,4.7342,0,0,0,13.4969,8.3571Z\" transform=\"translate(0 0)\" style=\"fill-rule:evenodd\"><\/path><\/svg>\t\t\t\t\t<\/a>\n\t\t\t\t<\/span>\n\t\t\t\t\t\t\t<span class=\"elementor-grid-item\" role=\"listitem\">\n\t\t\t\t\t<a class=\"elementor-icon elementor-social-icon elementor-social-icon-twitter elementor-repeater-item-828f132\" target=\"_blank\">\n\t\t\t\t\t\t<span class=\"elementor-screen-only\">Twitter<\/span>\n\t\t\t\t\t\t<i aria-hidden=\"true\" class=\"fab fa-twitter\"><\/i>\t\t\t\t\t<\/a>\n\t\t\t\t<\/span>\n\t\t\t\t\t<\/div>\n\t\t\t\t\t\t<\/div>\n\t\t\t\t<\/div>\n\t\t\t\t<\/div>\n\t\t\t\t\t<\/div>\n\t\t\t\t<\/div>\n\t\t<div class=\"elementor-element elementor-element-bbedb6d e-flex e-con-boxed e-con e-parent\" data-id=\"bbedb6d\" data-element_type=\"container\" data-e-type=\"container\" data-settings=\"{&quot;background_background&quot;:&quot;classic&quot;}\">\n\t\t\t\t\t<div class=\"e-con-inner\">\n\t\t\t\t<div class=\"elementor-element elementor-element-1f66018b elementor-widget elementor-widget-heading\" data-id=\"1f66018b\" data-element_type=\"widget\" data-e-type=\"widget\" data-widget_type=\"heading.default\">\n\t\t\t\t<div class=\"elementor-widget-container\">\n\t\t\t\t\t<p class=\"elementor-heading-title elementor-size-default\">Floristeria la jardinera \u00a9 All Rights Reserved.<\/p>\t\t\t\t<\/div>\n\t\t\t\t<\/div>\n\t\t\t\t\t<\/div>\n\t\t\t\t<\/div>\n\t\t\t\t<\/div>","protected":false},"excerpt":{"rendered":"<p>Eliminar art\u00edculo Imagen en miniatura Producto Precio Cantidad Subtotal &times; Cumplea\u00f1os-41 USD46 Cumplea\u00f1os-41 cantidad USD46 &times; Girasoles-537 USD25 Girasoles-537 cantidad USD25 Totales del carrito Subtotal USD71 Env\u00edo Zona sur: Hasta Cra.56: USD8 Alfonso L\u00f3pez: USD10 Alfaguara: USD14 Arroyohondo: USD11 Buitera: USD17 Candelaria Valle: USD19 Ciudad 2000: USD11 Ciudad Cordoba: USD11 Ciudad Jard\u00edn: USD10 Ciudad Modelo: [&hellip;]<\/p>\n","protected":false},"author":1,"featured_media":54,"parent":0,"menu_order":0,"comment_status":"closed","ping_status":"closed","template":"elementor_header_footer","meta":{"footnotes":""},"class_list":["post-51","page","type-page","status-publish","has-post-thumbnail","hentry"],"_links":{"self":[{"href":"https:\/\/floristerialajardinera.com\/en\/wp-json\/wp\/v2\/pages\/51","targetHints":{"allow":["GET"]}}],"collection":[{"href":"https:\/\/floristerialajardinera.com\/en\/wp-json\/wp\/v2\/pages"}],"about":[{"href":"https:\/\/floristerialajardinera.com\/en\/wp-json\/wp\/v2\/types\/page"}],"author":[{"embeddable":true,"href":"https:\/\/floristerialajardinera.com\/en\/wp-json\/wp\/v2\/users\/1"}],"replies":[{"embeddable":true,"href":"https:\/\/floristerialajardinera.com\/en\/wp-json\/wp\/v2\/comments?post=51"}],"version-history":[{"count":139,"href":"https:\/\/floristerialajardinera.com\/en\/wp-json\/wp\/v2\/pages\/51\/revisions"}],"predecessor-version":[{"id":5830,"href":"https:\/\/floristerialajardinera.com\/en\/wp-json\/wp\/v2\/pages\/51\/revisions\/5830"}],"wp:featuredmedia":[{"embeddable":true,"href":"https:\/\/floristerialajardinera.com\/en\/wp-json\/wp\/v2\/media\/54"}],"wp:attachment":[{"href":"https:\/\/floristerialajardinera.com\/en\/wp-json\/wp\/v2\/media?parent=51"}],"curies":[{"name":"wp","href":"https:\/\/api.w.org\/{rel}","templated":true}]}}